{"id":12388,"date":"2018-09-30T04:31:20","date_gmt":"2018-09-30T04:31:20","guid":{"rendered":"https:\/\/www.peharec.com\/privacy-policy\/"},"modified":"2018-09-30T04:31:20","modified_gmt":"2018-09-30T04:31:20","slug":"privacy-policy","status":"publish","type":"page","link":"https:\/\/www.peharec.com\/it\/privacy-policy\/","title":{"rendered":"Za\u0161tita privatnosti"},"content":{"rendered":"<h2>IZJAVA O ZA\u0160TITI PRIVATNOSTI I SIGURNOSTI OSOBNIH PODATAKA<\/h2>\n<p>Sukladno Uredbi (EU) 2016\/679 Europskog parlamenta i Vije\u0107a od 27. travnja 2016. o za\u0161titi pojedinaca u vezi s obradom osobnih podataka i o slobodnom kretanju<br \/>\ntakvih podataka te o stavljanju izvan snage Direktive 95\/46\/EZ (dalje: Op\u0107a uredba o za\u0161titi podataka), Poliklinika Peharec (u daljnjem tekstu: Poliklinika) u svom radu<br \/>\nobvezuje se postupati u skladu sa po\u0161tivanjem i za\u0161titom osobnih podataka i privatnosti korisnika ovih mre\u017enih stranica, sve dok se oni koriste u okviru dozvoljenih uvjeta<br \/>\nkori\u0161tenja.<\/p>\n<p>Osobnim podacima smatraju se svi podaci kojima se utvr\u0111uje identitet te podaci potrebni za komunikaciju (npr. prezime i ime, adresa stanovanja, adresa e-po\u0161te, kontakt brojevi telefona, mobilnih i faks ure\u0111aja i sl). Isti \u0107e biti prikupljani isklju\u010divo ako ih korisnik dobrovoljno dostavi putem ove mre\u017ene stranice, elektroni\u010dke po\u0161te ili na bilo koji drugi na\u010din.<\/p>\n<p>Ove podatke koristimo u svrhu odgovora na upit korisnika ili dostavu tra\u017eene informacije, za pokretanje odnosno vo\u0111enje postupaka iz na\u0161e nadle\u017enosti na zahtjev korisnika, sakupljanja statisti\u010dkih podataka kori\u0161tenja ovih mre\u017enih stranica, pobolj\u0161anja iskustva pristupa stranici te se u druge svrhe ne\u0107e koristiti. Poliklinika se obvezuje da ne\u0107e u\u010diniti ni na bilo koji na\u010din dostupnima Va\u0161e osobne podatke tre\u0107ima, ve\u0107 \u0107e nakon ispunjenja svrhe prikupljanja podataka iste obrisati.<\/p>\n<p>U svakom trenutku imate pravo uvida, pravo ispravka, dopune ili brisanja datih podataka te pravo odustati od date privole za obradu Va\u0161ih podataka i zatra\u017eiti prestanak njihove daljnje obrade. Na\u0161a mre\u017ena stranica koristi se cookie datotekama da bi va\u0161e kori\u0161tenje interneta prilagodila va\u0161im potrebama. Cookie je tekstualna datoteka koju poslu\u017eitelj web stranice snima na va\u0161 tvrdi disk. Cookie datoteke ne mogu se koristiti da bi se pokretali programi ili unosili virusi u va\u0161e ra\u010dunalo. Cookie datoteke dodjeljuju se pojedina\u010dno i mo\u017ee ih \u010ditati samo poslu\u017eitelj web stranice u domeni koja je takvu datoteku snimila.<\/p>\n<p>Ako niste suglasni s njihovom upotrebom, kola\u010di\u0107e mo\u017eete lako izbrisati (ili sprije\u010diti) na svojem ra\u010dunalu ili mobilnom ure\u0111aju s pomo\u0107u postavki preglednika kojim se koristite. Vi\u0161e informacija o upravljanju kola\u010di\u0107ima potra\u017eite na stranicama preglednika kojim se koristite.<\/p>\n<p>Budu\u0107i da je svrha kola\u010di\u0107a pobolj\u0161anje i omogu\u0107ivanje upotrebe na\u0161ih internetskih stranica i njihovih procesa, imajte na umu da sprje\u010davanjem ili brisanjem kola\u010di\u0107a mo\u017eete onemogu\u0107iti funkcioniranje tih zna\u010dajki ili prouzro\u010diti njihov druga\u010diji rad i izgled u va\u0161em pregledniku.<\/p>\n<p>Zadr\u017eavamo pravo da mo\u017eemo u svako doba, bez prethodne obavijesti, izmijeniti i\/ili dopuniti Izjavu o privatnosti. Promijenjena Izjava o privatnosti postaje va\u017ee\u0107a objavom na ovim mre\u017enih stranicama.<\/p>\n<p>Na pristup i kori\u0161tenje ovih mre\u017enih stranica te Izjavu o privatnosti primjenjuje se pravo Republike Hrvatske, a u slu\u010daju spora nadle\u017eni su isklju\u010divo hrvatski sudovi.<\/p>\n<p>Ova izjava o privatnosti primjenjuje se od 25. svibnja 2018. godine.<\/p>\n<p>POLIKLINIKA PEHAREC<\/p>\n","protected":false},"excerpt":{"rendered":"<p>IZJAVA O ZA\u0160TITI PRIVATNOSTI I SIGURNOSTI OSOBNIH PODATAKA Sukladno Uredbi (EU) 2016\/679 Europskog parlamenta i Vije\u0107a od 27. travnja 2016. o za\u0161titi pojedinaca u vezi s obradom osobnih podataka i o slobodnom kretanju takvih podataka te o stavljanju izvan snage Direktive 95\/46\/EZ (dalje: Op\u0107a uredba o za\u0161titi podataka), Poliklinika Peharec (u daljnjem tekstu: Poliklinika) u [&hellip;]<\/p>\n","protected":false},"author":1,"featured_media":0,"parent":0,"menu_order":0,"comment_status":"closed","ping_status":"open","template":"","meta":{"footnotes":""},"categories":[],"tags":[],"class_list":["post-12388","page","type-page","status-publish","hentry"],"yoast_head":"<!-- This site is optimized with the Yoast SEO plugin v26.6 - https:\/\/yoast.com\/wordpress\/plugins\/seo\/ -->\n<title>Za\u0161tita privatnosti - Poliklinika Peharec<\/title>\n<meta name=\"robots\" content=\"index, follow, max-snippet:-1, max-image-preview:large, max-video-preview:-1\" \/>\n<link rel=\"canonical\" href=\"https:\/\/www.peharec.com\/it\/privacy-policy\/\" \/>\n<meta property=\"og:locale\" content=\"it_IT\" \/>\n<meta property=\"og:type\" content=\"article\" \/>\n<meta property=\"og:title\" content=\"Za\u0161tita privatnosti - Poliklinika Peharec\" \/>\n<meta property=\"og:description\" content=\"IZJAVA O ZA\u0160TITI PRIVATNOSTI I SIGURNOSTI OSOBNIH PODATAKA Sukladno Uredbi (EU) 2016\/679 Europskog parlamenta i Vije\u0107a od 27. travnja 2016. o za\u0161titi pojedinaca u vezi s obradom osobnih podataka i o slobodnom kretanju takvih podataka te o stavljanju izvan snage Direktive 95\/46\/EZ (dalje: Op\u0107a uredba o za\u0161titi podataka), Poliklinika Peharec (u daljnjem tekstu: Poliklinika) u [&hellip;]\" \/>\n<meta property=\"og:url\" content=\"https:\/\/www.peharec.com\/it\/privacy-policy\/\" \/>\n<meta property=\"og:site_name\" content=\"Poliklinika Peharec\" \/>\n<meta property=\"article:publisher\" content=\"https:\/\/www.facebook.com\/poliklinika.peharec\/\" \/>\n<meta name=\"twitter:card\" content=\"summary_large_image\" \/>\n<meta name=\"twitter:label1\" content=\"Tempo di lettura stimato\" \/>\n\t<meta name=\"twitter:data1\" content=\"3 minuti\" \/>\n<script type=\"application\/ld+json\" class=\"yoast-schema-graph\">{\"@context\":\"https:\/\/schema.org\",\"@graph\":[{\"@type\":\"WebPage\",\"@id\":\"https:\/\/www.peharec.com\/it\/privacy-policy\/\",\"url\":\"https:\/\/www.peharec.com\/it\/privacy-policy\/\",\"name\":\"Za\u0161tita privatnosti - Poliklinika Peharec\",\"isPartOf\":{\"@id\":\"https:\/\/www.peharec.com\/it\/#website\"},\"datePublished\":\"2018-09-30T04:31:20+00:00\",\"breadcrumb\":{\"@id\":\"https:\/\/www.peharec.com\/it\/privacy-policy\/#breadcrumb\"},\"inLanguage\":\"it-IT\",\"potentialAction\":[{\"@type\":\"ReadAction\",\"target\":[\"https:\/\/www.peharec.com\/it\/privacy-policy\/\"]}]},{\"@type\":\"BreadcrumbList\",\"@id\":\"https:\/\/www.peharec.com\/it\/privacy-policy\/#breadcrumb\",\"itemListElement\":[{\"@type\":\"ListItem\",\"position\":1,\"name\":\"Po\u010detna stranica\",\"item\":\"https:\/\/www.peharec.com\/it\/\"},{\"@type\":\"ListItem\",\"position\":2,\"name\":\"Za\u0161tita privatnosti\"}]},{\"@type\":\"WebSite\",\"@id\":\"https:\/\/www.peharec.com\/it\/#website\",\"url\":\"https:\/\/www.peharec.com\/it\/\",\"name\":\"Poliklinika Peharec\",\"description\":\"Rizzijeva 101 Pula, Croatia 52100\",\"publisher\":{\"@id\":\"https:\/\/www.peharec.com\/it\/#organization\"},\"potentialAction\":[{\"@type\":\"SearchAction\",\"target\":{\"@type\":\"EntryPoint\",\"urlTemplate\":\"https:\/\/www.peharec.com\/it\/?s={search_term_string}\"},\"query-input\":{\"@type\":\"PropertyValueSpecification\",\"valueRequired\":true,\"valueName\":\"search_term_string\"}}],\"inLanguage\":\"it-IT\"},{\"@type\":\"Organization\",\"@id\":\"https:\/\/www.peharec.com\/it\/#organization\",\"name\":\"Poliklinika Peharec\",\"url\":\"https:\/\/www.peharec.com\/it\/\",\"logo\":{\"@type\":\"ImageObject\",\"inLanguage\":\"it-IT\",\"@id\":\"https:\/\/www.peharec.com\/it\/#\/schema\/logo\/image\/\",\"url\":\"https:\/\/www.peharec.com\/wp-content\/uploads\/2019\/03\/Logo-Peharec.png\",\"contentUrl\":\"https:\/\/www.peharec.com\/wp-content\/uploads\/2019\/03\/Logo-Peharec.png\",\"width\":185,\"height\":130,\"caption\":\"Poliklinika Peharec\"},\"image\":{\"@id\":\"https:\/\/www.peharec.com\/it\/#\/schema\/logo\/image\/\"},\"sameAs\":[\"https:\/\/www.facebook.com\/poliklinika.peharec\/\"]}]}<\/script>\n<!-- \/ Yoast SEO plugin. -->","yoast_head_json":{"title":"Za\u0161tita privatnosti - Poliklinika Peharec","robots":{"index":"index","follow":"follow","max-snippet":"max-snippet:-1","max-image-preview":"max-image-preview:large","max-video-preview":"max-video-preview:-1"},"canonical":"https:\/\/www.peharec.com\/it\/privacy-policy\/","og_locale":"it_IT","og_type":"article","og_title":"Za\u0161tita privatnosti - Poliklinika Peharec","og_description":"IZJAVA O ZA\u0160TITI PRIVATNOSTI I SIGURNOSTI OSOBNIH PODATAKA Sukladno Uredbi (EU) 2016\/679 Europskog parlamenta i Vije\u0107a od 27. travnja 2016. o za\u0161titi pojedinaca u vezi s obradom osobnih podataka i o slobodnom kretanju takvih podataka te o stavljanju izvan snage Direktive 95\/46\/EZ (dalje: Op\u0107a uredba o za\u0161titi podataka), Poliklinika Peharec (u daljnjem tekstu: Poliklinika) u [&hellip;]","og_url":"https:\/\/www.peharec.com\/it\/privacy-policy\/","og_site_name":"Poliklinika Peharec","article_publisher":"https:\/\/www.facebook.com\/poliklinika.peharec\/","twitter_card":"summary_large_image","twitter_misc":{"Tempo di lettura stimato":"3 minuti"},"schema":{"@context":"https:\/\/schema.org","@graph":[{"@type":"WebPage","@id":"https:\/\/www.peharec.com\/it\/privacy-policy\/","url":"https:\/\/www.peharec.com\/it\/privacy-policy\/","name":"Za\u0161tita privatnosti - Poliklinika Peharec","isPartOf":{"@id":"https:\/\/www.peharec.com\/it\/#website"},"datePublished":"2018-09-30T04:31:20+00:00","breadcrumb":{"@id":"https:\/\/www.peharec.com\/it\/privacy-policy\/#breadcrumb"},"inLanguage":"it-IT","potentialAction":[{"@type":"ReadAction","target":["https:\/\/www.peharec.com\/it\/privacy-policy\/"]}]},{"@type":"BreadcrumbList","@id":"https:\/\/www.peharec.com\/it\/privacy-policy\/#breadcrumb","itemListElement":[{"@type":"ListItem","position":1,"name":"Po\u010detna stranica","item":"https:\/\/www.peharec.com\/it\/"},{"@type":"ListItem","position":2,"name":"Za\u0161tita privatnosti"}]},{"@type":"WebSite","@id":"https:\/\/www.peharec.com\/it\/#website","url":"https:\/\/www.peharec.com\/it\/","name":"Poliklinika Peharec","description":"Rizzijeva 101 Pula, Croatia 52100","publisher":{"@id":"https:\/\/www.peharec.com\/it\/#organization"},"potentialAction":[{"@type":"SearchAction","target":{"@type":"EntryPoint","urlTemplate":"https:\/\/www.peharec.com\/it\/?s={search_term_string}"},"query-input":{"@type":"PropertyValueSpecification","valueRequired":true,"valueName":"search_term_string"}}],"inLanguage":"it-IT"},{"@type":"Organization","@id":"https:\/\/www.peharec.com\/it\/#organization","name":"Poliklinika Peharec","url":"https:\/\/www.peharec.com\/it\/","logo":{"@type":"ImageObject","inLanguage":"it-IT","@id":"https:\/\/www.peharec.com\/it\/#\/schema\/logo\/image\/","url":"https:\/\/www.peharec.com\/wp-content\/uploads\/2019\/03\/Logo-Peharec.png","contentUrl":"https:\/\/www.peharec.com\/wp-content\/uploads\/2019\/03\/Logo-Peharec.png","width":185,"height":130,"caption":"Poliklinika Peharec"},"image":{"@id":"https:\/\/www.peharec.com\/it\/#\/schema\/logo\/image\/"},"sameAs":["https:\/\/www.facebook.com\/poliklinika.peharec\/"]}]}},"_links":{"self":[{"href":"https:\/\/www.peharec.com\/it\/wp-json\/wp\/v2\/pages\/12388","targetHints":{"allow":["GET"]}}],"collection":[{"href":"https:\/\/www.peharec.com\/it\/wp-json\/wp\/v2\/pages"}],"about":[{"href":"https:\/\/www.peharec.com\/it\/wp-json\/wp\/v2\/types\/page"}],"author":[{"embeddable":true,"href":"https:\/\/www.peharec.com\/it\/wp-json\/wp\/v2\/users\/1"}],"replies":[{"embeddable":true,"href":"https:\/\/www.peharec.com\/it\/wp-json\/wp\/v2\/comments?post=12388"}],"version-history":[{"count":0,"href":"https:\/\/www.peharec.com\/it\/wp-json\/wp\/v2\/pages\/12388\/revisions"}],"wp:attachment":[{"href":"https:\/\/www.peharec.com\/it\/wp-json\/wp\/v2\/media?parent=12388"}],"wp:term":[{"taxonomy":"category","embeddable":true,"href":"https:\/\/www.peharec.com\/it\/wp-json\/wp\/v2\/categories?post=12388"},{"taxonomy":"post_tag","embeddable":true,"href":"https:\/\/www.peharec.com\/it\/wp-json\/wp\/v2\/tags?post=12388"}],"curies":[{"name":"wp","href":"https:\/\/api.w.org\/{rel}","templated":true}]}}